{"id":483,"date":"2020-08-07T02:10:15","date_gmt":"2020-08-07T02:10:15","guid":{"rendered":"https:\/\/www.kiplingirapuato.edu.mx\/next\/?page_id=483"},"modified":"2025-12-09T09:24:18","modified_gmt":"2025-12-09T15:24:18","slug":"servicio-social","status":"publish","type":"page","link":"https:\/\/www.kiplingirapuato.edu.mx\/next\/servicio-social\/","title":{"rendered":"Servicio Social"},"content":{"rendered":"<div  style='padding-bottom:10px; ' class='av-special-heading av-special-heading-h1    avia-builder-el-0  el_before_av_two_third  avia-builder-el-first  '><h1 class='av-special-heading-tag '  itemprop=\"headline\"  >Servicio Social Prepa Kipling<\/h1><div class='special-heading-border'><div class='special-heading-inner-border' ><\/div><\/div><\/div>\n<div class=\"flex_column av_two_third  flex_column_div av-zero-column-padding first  avia-builder-el-1  el_after_av_heading  el_before_av_one_third  \" style='border-radius:0px; '><p><section class=\"av_textblock_section \"  itemscope=\"itemscope\" itemtype=\"https:\/\/schema.org\/CreativeWork\" ><div class='avia_textblock  '   itemprop=\"text\" ><p>El Servicio Social es un requisito para la obtenci\u00f3n del grado de preparatoria, por lo que sin excepci\u00f3n, todos los alumnos deber\u00e1n concluir un m\u00ednimo de 126 horas de trabajo comunitario que deber\u00e1 cumplir con las siguientes caracter\u00edsticas:<\/p>\n<\/div><\/section><br \/>\n<div  class='avia-icon-list-container   avia-builder-el-3  el_after_av_textblock  el_before_av_textblock '><ul class='avia-icon-list avia-icon-list-left av-iconlist-big avia_animate_when_almost_visible avia-iconlist-animate'>\n<li><div  class='iconlist_icon  avia-font-entypo-fontello'><span class='iconlist-char ' aria-hidden='true' data-av_icon='\ue8b8' data-av_iconfont='entypo-fontello'><\/span><\/div><article class=\"article-icon-entry av-iconlist-empty\"  itemscope=\"itemscope\" itemtype=\"https:\/\/schema.org\/CreativeWork\" ><div class='iconlist_content_wrap'><header class=\"entry-content-header\"><h4 class='av_iconlist_title iconlist_title   '  itemprop=\"headline\"  >Tener una naturaleza social<\/h4><\/header><div class='iconlist_content  '  itemprop=\"text\"  ><\/div><\/div><footer class=\"entry-footer\"><\/footer><\/article><div class='iconlist-timeline'><\/div><\/li>\n<li><div  class='iconlist_icon  avia-font-entypo-fontello'><span class='iconlist-char ' aria-hidden='true' data-av_icon='\ue8e2' data-av_iconfont='entypo-fontello'><\/span><\/div><article class=\"article-icon-entry av-iconlist-empty\"  itemscope=\"itemscope\" itemtype=\"https:\/\/schema.org\/CreativeWork\" ><div class='iconlist_content_wrap'><header class=\"entry-content-header\"><h4 class='av_iconlist_title iconlist_title   '  itemprop=\"headline\"  >No deber\u00e1 ser remunerada<\/h4><\/header><div class='iconlist_content  '  itemprop=\"text\"  ><\/div><\/div><footer class=\"entry-footer\"><\/footer><\/article><div class='iconlist-timeline'><\/div><\/li>\n<\/ul><\/div><br \/>\n<section class=\"av_textblock_section \"  itemscope=\"itemscope\" itemtype=\"https:\/\/schema.org\/CreativeWork\" ><div class='avia_textblock  '   itemprop=\"text\" ><h2>Conoce el Reglamento de Servicio Social de la Prepa Kipling<\/h2>\n<\/div><\/section><br \/>\n<section class=\"av_textblock_section \"  itemscope=\"itemscope\" itemtype=\"https:\/\/schema.org\/CreativeWork\" ><div class='avia_textblock  '   itemprop=\"text\" ><p>El total de horas deber\u00e1 ser cubierto de manera semestral durante los 3 a\u00f1os de duraci\u00f3n de la preparatoria, cubriendo un total de 21 horas al semestre.<\/p>\n<p>El alumno podr\u00e1 seleccionar la Instituci\u00f3n en la que desee realizar su Servicio Social. Esta deber\u00e1 estar autorizada y publicada en el cat\u00e1logo de Instituciones de Servicio Social.<\/p>\n<p>Mayores informes:<\/p>\n<p>Miss Rosa Mar\u00eda Garc\u00eda Mar\u00edn<br \/>\nrosa.garciam@kiplingirapuato.edu.mx<\/p>\n<\/div><\/section><\/p><\/div><div class=\"flex_column av_one_third  flex_column_div av-zero-column-padding   avia-builder-el-6  el_after_av_two_third  avia-builder-el-last  \" style='border-radius:0px; '><div  class='avia-button-wrap avia-button-center  avia-builder-el-7  avia-builder-el-no-sibling ' ><a href='https:\/\/www.kiplingirapuato.edu.mx\/next\/wp-content\/uploads\/2025\/12\/Reglamento-SS.pdf'  class='avia-button  avia-color-theme-color   avia-icon_select-yes-left-icon avia-size-x-large avia-position-center '  target=\"_blank\"   ><span class='avia_button_icon avia_button_icon_left ' aria-hidden='true' data-av_icon='\ue84c' data-av_iconfont='entypo-fontello'><\/span><span class='avia_iconbox_title' >Reglamento Servicio Social<\/span><\/a><\/div><\/div><\/p>\n","protected":false},"excerpt":{"rendered":"","protected":false},"author":4,"featured_media":0,"parent":0,"menu_order":0,"comment_status":"closed","ping_status":"closed","template":"","meta":{"_rtcl_gb_attr":"","footnotes":""},"class_list":["post-483","page","type-page","status-publish","hentry"],"yoast_head":"<!-- This site is optimized with the Yoast SEO plugin v27.0 - https:\/\/yoast.com\/product\/yoast-seo-wordpress\/ -->\n<title>Servicio Social - Kipling Campus Irapuato<\/title>\n<meta name=\"robots\" content=\"index, follow, max-snippet:-1, max-image-preview:large, max-video-preview:-1\" \/>\n<link rel=\"canonical\" href=\"https:\/\/www.kiplingirapuato.edu.mx\/next\/servicio-social\/\" \/>\n<meta property=\"og:locale\" content=\"es_ES\" \/>\n<meta property=\"og:type\" content=\"article\" \/>\n<meta property=\"og:title\" content=\"Servicio Social - Kipling Campus Irapuato\" \/>\n<meta property=\"og:url\" content=\"https:\/\/www.kiplingirapuato.edu.mx\/next\/servicio-social\/\" \/>\n<meta property=\"og:site_name\" content=\"Kipling Campus Irapuato\" \/>\n<meta property=\"article:modified_time\" content=\"2025-12-09T15:24:18+00:00\" \/>\n<meta name=\"twitter:card\" content=\"summary_large_image\" \/>\n<meta name=\"twitter:label1\" content=\"Tiempo de lectura\" \/>\n\t<meta name=\"twitter:data1\" content=\"2 minutos\" \/>\n<script type=\"application\/ld+json\" class=\"yoast-schema-graph\">{\"@context\":\"https:\/\/schema.org\",\"@graph\":[{\"@type\":\"WebPage\",\"@id\":\"https:\/\/www.kiplingirapuato.edu.mx\/next\/servicio-social\/\",\"url\":\"https:\/\/www.kiplingirapuato.edu.mx\/next\/servicio-social\/\",\"name\":\"Servicio Social - Kipling Campus Irapuato\",\"isPartOf\":{\"@id\":\"https:\/\/www.kiplingirapuato.edu.mx\/next\/#website\"},\"datePublished\":\"2020-08-07T02:10:15+00:00\",\"dateModified\":\"2025-12-09T15:24:18+00:00\",\"breadcrumb\":{\"@id\":\"https:\/\/www.kiplingirapuato.edu.mx\/next\/servicio-social\/#breadcrumb\"},\"inLanguage\":\"es\",\"potentialAction\":[{\"@type\":\"ReadAction\",\"target\":[\"https:\/\/www.kiplingirapuato.edu.mx\/next\/servicio-social\/\"]}]},{\"@type\":\"BreadcrumbList\",\"@id\":\"https:\/\/www.kiplingirapuato.edu.mx\/next\/servicio-social\/#breadcrumb\",\"itemListElement\":[{\"@type\":\"ListItem\",\"position\":1,\"name\":\"Portada\",\"item\":\"https:\/\/www.kiplingirapuato.edu.mx\/next\/\"},{\"@type\":\"ListItem\",\"position\":2,\"name\":\"Servicio Social\"}]},{\"@type\":\"WebSite\",\"@id\":\"https:\/\/www.kiplingirapuato.edu.mx\/next\/#website\",\"url\":\"https:\/\/www.kiplingirapuato.edu.mx\/next\/\",\"name\":\"Kipling Campus Irapuato\",\"description\":\"Trascendemos en familia\",\"potentialAction\":[{\"@type\":\"SearchAction\",\"target\":{\"@type\":\"EntryPoint\",\"urlTemplate\":\"https:\/\/www.kiplingirapuato.edu.mx\/next\/?s={search_term_string}\"},\"query-input\":{\"@type\":\"PropertyValueSpecification\",\"valueRequired\":true,\"valueName\":\"search_term_string\"}}],\"inLanguage\":\"es\"}]}<\/script>\n<!-- \/ Yoast SEO plugin. -->","yoast_head_json":{"title":"Servicio Social - Kipling Campus Irapuato","robots":{"index":"index","follow":"follow","max-snippet":"max-snippet:-1","max-image-preview":"max-image-preview:large","max-video-preview":"max-video-preview:-1"},"canonical":"https:\/\/www.kiplingirapuato.edu.mx\/next\/servicio-social\/","og_locale":"es_ES","og_type":"article","og_title":"Servicio Social - Kipling Campus Irapuato","og_url":"https:\/\/www.kiplingirapuato.edu.mx\/next\/servicio-social\/","og_site_name":"Kipling Campus Irapuato","article_modified_time":"2025-12-09T15:24:18+00:00","twitter_card":"summary_large_image","twitter_misc":{"Tiempo de lectura":"2 minutos"},"schema":{"@context":"https:\/\/schema.org","@graph":[{"@type":"WebPage","@id":"https:\/\/www.kiplingirapuato.edu.mx\/next\/servicio-social\/","url":"https:\/\/www.kiplingirapuato.edu.mx\/next\/servicio-social\/","name":"Servicio Social - Kipling Campus Irapuato","isPartOf":{"@id":"https:\/\/www.kiplingirapuato.edu.mx\/next\/#website"},"datePublished":"2020-08-07T02:10:15+00:00","dateModified":"2025-12-09T15:24:18+00:00","breadcrumb":{"@id":"https:\/\/www.kiplingirapuato.edu.mx\/next\/servicio-social\/#breadcrumb"},"inLanguage":"es","potentialAction":[{"@type":"ReadAction","target":["https:\/\/www.kiplingirapuato.edu.mx\/next\/servicio-social\/"]}]},{"@type":"BreadcrumbList","@id":"https:\/\/www.kiplingirapuato.edu.mx\/next\/servicio-social\/#breadcrumb","itemListElement":[{"@type":"ListItem","position":1,"name":"Portada","item":"https:\/\/www.kiplingirapuato.edu.mx\/next\/"},{"@type":"ListItem","position":2,"name":"Servicio Social"}]},{"@type":"WebSite","@id":"https:\/\/www.kiplingirapuato.edu.mx\/next\/#website","url":"https:\/\/www.kiplingirapuato.edu.mx\/next\/","name":"Kipling Campus Irapuato","description":"Trascendemos en familia","potentialAction":[{"@type":"SearchAction","target":{"@type":"EntryPoint","urlTemplate":"https:\/\/www.kiplingirapuato.edu.mx\/next\/?s={search_term_string}"},"query-input":{"@type":"PropertyValueSpecification","valueRequired":true,"valueName":"search_term_string"}}],"inLanguage":"es"}]}},"_links":{"self":[{"href":"https:\/\/www.kiplingirapuato.edu.mx\/next\/wp-json\/wp\/v2\/pages\/483","targetHints":{"allow":["GET"]}}],"collection":[{"href":"https:\/\/www.kiplingirapuato.edu.mx\/next\/wp-json\/wp\/v2\/pages"}],"about":[{"href":"https:\/\/www.kiplingirapuato.edu.mx\/next\/wp-json\/wp\/v2\/types\/page"}],"author":[{"embeddable":true,"href":"https:\/\/www.kiplingirapuato.edu.mx\/next\/wp-json\/wp\/v2\/users\/4"}],"replies":[{"embeddable":true,"href":"https:\/\/www.kiplingirapuato.edu.mx\/next\/wp-json\/wp\/v2\/comments?post=483"}],"version-history":[{"count":5,"href":"https:\/\/www.kiplingirapuato.edu.mx\/next\/wp-json\/wp\/v2\/pages\/483\/revisions"}],"predecessor-version":[{"id":1427,"href":"https:\/\/www.kiplingirapuato.edu.mx\/next\/wp-json\/wp\/v2\/pages\/483\/revisions\/1427"}],"wp:attachment":[{"href":"https:\/\/www.kiplingirapuato.edu.mx\/next\/wp-json\/wp\/v2\/media?parent=483"}],"curies":[{"name":"wp","href":"https:\/\/api.w.org\/{rel}","templated":true}]}}