{"id":337,"date":"2020-07-28T02:47:24","date_gmt":"2020-07-28T02:47:24","guid":{"rendered":"https:\/\/www.kiplingirapuato.edu.mx\/next\/?page_id=337"},"modified":"2025-09-02T09:07:31","modified_gmt":"2025-09-02T15:07:31","slug":"primaria","status":"publish","type":"page","link":"https:\/\/www.kiplingirapuato.edu.mx\/next\/primaria\/","title":{"rendered":"Primaria"},"content":{"rendered":"<div class=\"flex_column av_one_full  flex_column_div av-zero-column-padding first  avia-builder-el-0  el_before_av_one_third  avia-builder-el-first  \" style='background: #0085ca; background-color:#0085ca; border-radius:0px; '><section class=\"av_textblock_section \"  itemscope=\"itemscope\" itemtype=\"https:\/\/schema.org\/CreativeWork\" ><div class='avia_textblock  av_inherit_color '  style='color:#ffffff; '  itemprop=\"text\" ><h1 style=\"text-align: center;\">PRIMARIA<\/h1>\n<\/div><\/section><\/div>\n<div class=\"flex_column av_one_third  flex_column_div av-zero-column-padding first  avia-builder-el-2  el_after_av_one_full  el_before_av_two_third  column-top-margin\" style='border-radius:0px; '><div  class='avia-image-container avia_animated_image avia_animate_when_almost_visible pop-up av-styling-    avia-builder-el-3  avia-builder-el-no-sibling  avia-align-center '  itemprop=\"image\" itemscope=\"itemscope\" itemtype=\"https:\/\/schema.org\/ImageObject\"  ><div class='avia-image-container-inner'><div class='avia-image-overlay-wrap'><a href='https:\/\/www.kiplingirapuato.edu.mx\/next\/wp-content\/uploads\/2025\/01\/Primaria-2025-scaled.jpg' class='avia_image'   target=\"_blank\" ><img loading=\"lazy\" decoding=\"async\" width=\"799\" height=\"1030\" class='wp-image-1399 avia_image' src=\"https:\/\/www.kiplingirapuato.edu.mx\/next\/wp-content\/uploads\/2025\/09\/primaria-25-26-1-799x1030.jpg\" alt='' title='primaria-25-26'  itemprop=\"thumbnailUrl\" srcset=\"https:\/\/www.kiplingirapuato.edu.mx\/next\/wp-content\/uploads\/2025\/09\/primaria-25-26-1-799x1030.jpg 799w, https:\/\/www.kiplingirapuato.edu.mx\/next\/wp-content\/uploads\/2025\/09\/primaria-25-26-1-233x300.jpg 233w, https:\/\/www.kiplingirapuato.edu.mx\/next\/wp-content\/uploads\/2025\/09\/primaria-25-26-1-768x990.jpg 768w, https:\/\/www.kiplingirapuato.edu.mx\/next\/wp-content\/uploads\/2025\/09\/primaria-25-26-1-547x705.jpg 547w, https:\/\/www.kiplingirapuato.edu.mx\/next\/wp-content\/uploads\/2025\/09\/primaria-25-26-1-359x462.jpg 359w, https:\/\/www.kiplingirapuato.edu.mx\/next\/wp-content\/uploads\/2025\/09\/primaria-25-26-1-186x240.jpg 186w, https:\/\/www.kiplingirapuato.edu.mx\/next\/wp-content\/uploads\/2025\/09\/primaria-25-26-1-81x105.jpg 81w, https:\/\/www.kiplingirapuato.edu.mx\/next\/wp-content\/uploads\/2025\/09\/primaria-25-26-1.jpg 1164w\" sizes=\"auto, (max-width: 799px) 100vw, 799px\" \/><\/a><\/div><\/div><\/div><\/div><div class=\"flex_column av_two_third  flex_column_div av-zero-column-padding   avia-builder-el-4  el_after_av_one_third  el_before_av_two_third  column-top-margin\" style='border-radius:0px; '><section class=\"av_textblock_section \"  itemscope=\"itemscope\" itemtype=\"https:\/\/schema.org\/CreativeWork\" ><div class='avia_textblock  '   itemprop=\"text\" ><h2>Formamos una comunidad de aprendizaje junto con las familias con un fin com\u00fan: nuestros alumnos.<\/h2>\n<p>La Primaria Kipling Campus Irapuato es reconocida por su excelente nivel acad\u00e9mico, el cuidado en la formaci\u00f3n integral de sus alumnos y el respeto a la individualidad del alumno.<\/p>\n<p>El trabajo cotidiano se desarrolla en Ingl\u00e9s y Espa\u00f1ol teniendo como base los programas oficiales de la Secretar\u00eda de Educaci\u00f3n y la certificaci\u00f3n del Bachillerato Internacional en su programa (PEP) \u201cPrograma de la Escuela Primaria\u201d que hace de nuestra instituci\u00f3n una Escuela del Mundo.<\/p>\n<p>El uso de estrategias para trabajar en colaboraci\u00f3n, la pr\u00e1ctica de exposiciones orales y el uso de las tecnolog\u00edas hacen que el alumno tenga aprendizajes significativos e interesantes que desarrollan en buena parte la reflexi\u00f3n. Los conocimientos previos son la base de los nuevos aprendizajes.<\/p>\n<h3>El trabajo diario est\u00e1 enfocado en que los alumnos adquieran los conceptos y contenidos a trav\u00e9s de actividades divertidas, significativas y originales.<\/h3>\n<p>El desarrollo de unidades de indagaci\u00f3n favorecen los conocimientos, los conceptos, las habilidades, las actitudes y la acci\u00f3n.<\/p>\n<h2>APRENDIZAJE DIVERTIDO, EXPERIENCIAS EXTRAORDINARIAS.<\/h2>\n<\/div><\/section><\/div><\/p>\n<div class=\"flex_column av_two_third  flex_column_div av-zero-column-padding first  avia-builder-el-6  el_after_av_two_third  el_before_av_one_third  column-top-margin\" style='border-radius:0px; '><\/div>\n<div class=\"flex_column av_one_third  flex_column_div av-zero-column-padding   avia-builder-el-7  el_after_av_two_third  avia-builder-el-last  column-top-margin\" style='border-radius:0px; '><\/div>\n","protected":false},"excerpt":{"rendered":"","protected":false},"author":4,"featured_media":0,"parent":0,"menu_order":0,"comment_status":"closed","ping_status":"closed","template":"","meta":{"_rtcl_gb_attr":"","footnotes":""},"class_list":["post-337","page","type-page","status-publish","hentry"],"yoast_head":"<!-- This site is optimized with the Yoast SEO plugin v27.0 - https:\/\/yoast.com\/product\/yoast-seo-wordpress\/ -->\n<title>Primaria - Kipling Campus Irapuato<\/title>\n<meta name=\"robots\" content=\"index, follow, max-snippet:-1, max-image-preview:large, max-video-preview:-1\" \/>\n<link rel=\"canonical\" href=\"https:\/\/www.kiplingirapuato.edu.mx\/next\/primaria\/\" \/>\n<meta property=\"og:locale\" content=\"es_ES\" \/>\n<meta property=\"og:type\" content=\"article\" \/>\n<meta property=\"og:title\" content=\"Primaria - Kipling Campus Irapuato\" \/>\n<meta property=\"og:url\" content=\"https:\/\/www.kiplingirapuato.edu.mx\/next\/primaria\/\" \/>\n<meta property=\"og:site_name\" content=\"Kipling Campus Irapuato\" \/>\n<meta property=\"article:modified_time\" content=\"2025-09-02T15:07:31+00:00\" \/>\n<meta name=\"twitter:card\" content=\"summary_large_image\" \/>\n<meta name=\"twitter:label1\" content=\"Tiempo de lectura\" \/>\n\t<meta name=\"twitter:data1\" content=\"2 minutos\" \/>\n<script type=\"application\/ld+json\" class=\"yoast-schema-graph\">{\"@context\":\"https:\/\/schema.org\",\"@graph\":[{\"@type\":\"WebPage\",\"@id\":\"https:\/\/www.kiplingirapuato.edu.mx\/next\/primaria\/\",\"url\":\"https:\/\/www.kiplingirapuato.edu.mx\/next\/primaria\/\",\"name\":\"Primaria - Kipling Campus Irapuato\",\"isPartOf\":{\"@id\":\"https:\/\/www.kiplingirapuato.edu.mx\/next\/#website\"},\"datePublished\":\"2020-07-28T02:47:24+00:00\",\"dateModified\":\"2025-09-02T15:07:31+00:00\",\"breadcrumb\":{\"@id\":\"https:\/\/www.kiplingirapuato.edu.mx\/next\/primaria\/#breadcrumb\"},\"inLanguage\":\"es\",\"potentialAction\":[{\"@type\":\"ReadAction\",\"target\":[\"https:\/\/www.kiplingirapuato.edu.mx\/next\/primaria\/\"]}]},{\"@type\":\"BreadcrumbList\",\"@id\":\"https:\/\/www.kiplingirapuato.edu.mx\/next\/primaria\/#breadcrumb\",\"itemListElement\":[{\"@type\":\"ListItem\",\"position\":1,\"name\":\"Portada\",\"item\":\"https:\/\/www.kiplingirapuato.edu.mx\/next\/\"},{\"@type\":\"ListItem\",\"position\":2,\"name\":\"Primaria\"}]},{\"@type\":\"WebSite\",\"@id\":\"https:\/\/www.kiplingirapuato.edu.mx\/next\/#website\",\"url\":\"https:\/\/www.kiplingirapuato.edu.mx\/next\/\",\"name\":\"Kipling Campus Irapuato\",\"description\":\"Trascendemos en familia\",\"potentialAction\":[{\"@type\":\"SearchAction\",\"target\":{\"@type\":\"EntryPoint\",\"urlTemplate\":\"https:\/\/www.kiplingirapuato.edu.mx\/next\/?s={search_term_string}\"},\"query-input\":{\"@type\":\"PropertyValueSpecification\",\"valueRequired\":true,\"valueName\":\"search_term_string\"}}],\"inLanguage\":\"es\"}]}<\/script>\n<!-- \/ Yoast SEO plugin. -->","yoast_head_json":{"title":"Primaria - Kipling Campus Irapuato","robots":{"index":"index","follow":"follow","max-snippet":"max-snippet:-1","max-image-preview":"max-image-preview:large","max-video-preview":"max-video-preview:-1"},"canonical":"https:\/\/www.kiplingirapuato.edu.mx\/next\/primaria\/","og_locale":"es_ES","og_type":"article","og_title":"Primaria - Kipling Campus Irapuato","og_url":"https:\/\/www.kiplingirapuato.edu.mx\/next\/primaria\/","og_site_name":"Kipling Campus Irapuato","article_modified_time":"2025-09-02T15:07:31+00:00","twitter_card":"summary_large_image","twitter_misc":{"Tiempo de lectura":"2 minutos"},"schema":{"@context":"https:\/\/schema.org","@graph":[{"@type":"WebPage","@id":"https:\/\/www.kiplingirapuato.edu.mx\/next\/primaria\/","url":"https:\/\/www.kiplingirapuato.edu.mx\/next\/primaria\/","name":"Primaria - Kipling Campus Irapuato","isPartOf":{"@id":"https:\/\/www.kiplingirapuato.edu.mx\/next\/#website"},"datePublished":"2020-07-28T02:47:24+00:00","dateModified":"2025-09-02T15:07:31+00:00","breadcrumb":{"@id":"https:\/\/www.kiplingirapuato.edu.mx\/next\/primaria\/#breadcrumb"},"inLanguage":"es","potentialAction":[{"@type":"ReadAction","target":["https:\/\/www.kiplingirapuato.edu.mx\/next\/primaria\/"]}]},{"@type":"BreadcrumbList","@id":"https:\/\/www.kiplingirapuato.edu.mx\/next\/primaria\/#breadcrumb","itemListElement":[{"@type":"ListItem","position":1,"name":"Portada","item":"https:\/\/www.kiplingirapuato.edu.mx\/next\/"},{"@type":"ListItem","position":2,"name":"Primaria"}]},{"@type":"WebSite","@id":"https:\/\/www.kiplingirapuato.edu.mx\/next\/#website","url":"https:\/\/www.kiplingirapuato.edu.mx\/next\/","name":"Kipling Campus Irapuato","description":"Trascendemos en familia","potentialAction":[{"@type":"SearchAction","target":{"@type":"EntryPoint","urlTemplate":"https:\/\/www.kiplingirapuato.edu.mx\/next\/?s={search_term_string}"},"query-input":{"@type":"PropertyValueSpecification","valueRequired":true,"valueName":"search_term_string"}}],"inLanguage":"es"}]}},"_links":{"self":[{"href":"https:\/\/www.kiplingirapuato.edu.mx\/next\/wp-json\/wp\/v2\/pages\/337","targetHints":{"allow":["GET"]}}],"collection":[{"href":"https:\/\/www.kiplingirapuato.edu.mx\/next\/wp-json\/wp\/v2\/pages"}],"about":[{"href":"https:\/\/www.kiplingirapuato.edu.mx\/next\/wp-json\/wp\/v2\/types\/page"}],"author":[{"embeddable":true,"href":"https:\/\/www.kiplingirapuato.edu.mx\/next\/wp-json\/wp\/v2\/users\/4"}],"replies":[{"embeddable":true,"href":"https:\/\/www.kiplingirapuato.edu.mx\/next\/wp-json\/wp\/v2\/comments?post=337"}],"version-history":[{"count":13,"href":"https:\/\/www.kiplingirapuato.edu.mx\/next\/wp-json\/wp\/v2\/pages\/337\/revisions"}],"predecessor-version":[{"id":1400,"href":"https:\/\/www.kiplingirapuato.edu.mx\/next\/wp-json\/wp\/v2\/pages\/337\/revisions\/1400"}],"wp:attachment":[{"href":"https:\/\/www.kiplingirapuato.edu.mx\/next\/wp-json\/wp\/v2\/media?parent=337"}],"curies":[{"name":"wp","href":"https:\/\/api.w.org\/{rel}","templated":true}]}}