{"id":331,"date":"2020-07-28T02:44:11","date_gmt":"2020-07-28T02:44:11","guid":{"rendered":"https:\/\/www.kiplingirapuato.edu.mx\/next\/?page_id=331"},"modified":"2025-09-01T10:15:49","modified_gmt":"2025-09-01T16:15:49","slug":"kinder","status":"publish","type":"page","link":"https:\/\/www.kiplingirapuato.edu.mx\/next\/kinder\/","title":{"rendered":"Preescolar"},"content":{"rendered":"<div class=\"flex_column av_one_full  flex_column_div av-zero-column-padding first  avia-builder-el-0  el_before_av_two_third  avia-builder-el-first  \" style='background: #78d74e; background-color:#78d74e; border-radius:0px; '><section class=\"av_textblock_section \"  itemscope=\"itemscope\" itemtype=\"https:\/\/schema.org\/CreativeWork\" ><div class='avia_textblock  av_inherit_color '  style='color:#ffffff; '  itemprop=\"text\" ><h2 style=\"text-align: center;\">PREESCOLAR<\/h2>\n<\/div><\/section><\/div>\n<div class=\"flex_column av_two_third  flex_column_div av-zero-column-padding first  avia-builder-el-2  el_after_av_one_full  el_before_av_one_third  column-top-margin\" style='border-radius:0px; '><section class=\"av_textblock_section \"  itemscope=\"itemscope\" itemtype=\"https:\/\/schema.org\/CreativeWork\" ><div class='avia_textblock  '   itemprop=\"text\" ><h2>La extensi\u00f3n de tu hogar, en un ambiente especialmente dise\u00f1ado para los m\u00e1s peque\u00f1os.<\/h2>\n<p>En el Kinder Kipling Campus Irapuato favorecemos el desarrollo emocional, social, f\u00edsico e intelectual de los ni\u00f1os a trav\u00e9s de aprendizajes significativos y hol\u00edsticos, aprovechando su curiosidad natural que lo lleva a descubrir un mundo diverso y \u00fatil para su vida personal, familiar y escolar.<\/p>\n<p>La actividad escolar se lleva a cabo en espa\u00f1ol, como lengua materna y en ingl\u00e9s como segunda lengua para que se utilice como una herramienta de comunicaci\u00f3n, expresi\u00f3n e investigaci\u00f3n. En esta etapa se inicia el aprendizaje de conceptos, el desarrollo de habilidades, actitudes\u00a0 y acciones que sirven de base a sus aprendizajes posteriores.<\/p>\n<p>En Kipling Irapuato nos aseguramos que tus peque\u00f1os se sientan seguros y felices, porque estamos convencidos que as\u00ed logran un desarrollo y aprendizaje significativo. En el Kinder se trabajan diferentes temas de manera transdisciplinaria con las estrategias del Bachillerato Internacional, en un ambiente l\u00fadico y divertido.<\/p>\n<p>Contamos adem\u00e1s con <strong>HORARIO EXTENDIDO hasta las 2:00 p.m.<\/strong> El registro al horario extendido es voluntario y sin costo adicional para tomar los talleres de Ritmos &#038;Movimientos, Chiki-Ciencias, Teatro, Creatividad y Activaci\u00f3n F\u00edsica.<\/p>\n<h2>\u00a1Ni\u00f1os felices, ni\u00f1os que aprenden!<\/h2>\n<\/div><\/section><\/div>\n<div class=\"flex_column av_one_third  flex_column_div av-zero-column-padding   avia-builder-el-4  el_after_av_two_third  avia-builder-el-last  column-top-margin\" style='border-radius:0px; '><div  class='avia-image-container avia_animated_image avia_animate_when_almost_visible pop-up av-styling-    avia-builder-el-5  avia-builder-el-no-sibling  avia-align-center '  itemprop=\"image\" itemscope=\"itemscope\" itemtype=\"https:\/\/schema.org\/ImageObject\"  ><div class='avia-image-container-inner'><div class='avia-image-overlay-wrap'><a href='https:\/\/www.kiplingirapuato.edu.mx\/next\/wp-content\/uploads\/2025\/01\/Preescolar-2025-scaled.jpg' class='avia_image'   target=\"_blank\" ><img loading=\"lazy\" decoding=\"async\" width=\"799\" height=\"1030\" class='wp-image-1387 avia_image' src=\"https:\/\/www.kiplingirapuato.edu.mx\/next\/wp-content\/uploads\/2025\/08\/Preescolar-25-26-799x1030.jpg\" alt='' title='Preescolar-25-26'  itemprop=\"thumbnailUrl\" srcset=\"https:\/\/www.kiplingirapuato.edu.mx\/next\/wp-content\/uploads\/2025\/08\/Preescolar-25-26-799x1030.jpg 799w, https:\/\/www.kiplingirapuato.edu.mx\/next\/wp-content\/uploads\/2025\/08\/Preescolar-25-26-233x300.jpg 233w, https:\/\/www.kiplingirapuato.edu.mx\/next\/wp-content\/uploads\/2025\/08\/Preescolar-25-26-768x989.jpg 768w, https:\/\/www.kiplingirapuato.edu.mx\/next\/wp-content\/uploads\/2025\/08\/Preescolar-25-26-1192x1536.jpg 1192w, https:\/\/www.kiplingirapuato.edu.mx\/next\/wp-content\/uploads\/2025\/08\/Preescolar-25-26-1590x2048.jpg 1590w, https:\/\/www.kiplingirapuato.edu.mx\/next\/wp-content\/uploads\/2025\/08\/Preescolar-25-26-1164x1500.jpg 1164w, https:\/\/www.kiplingirapuato.edu.mx\/next\/wp-content\/uploads\/2025\/08\/Preescolar-25-26-547x705.jpg 547w, https:\/\/www.kiplingirapuato.edu.mx\/next\/wp-content\/uploads\/2025\/08\/Preescolar-25-26-359x462.jpg 359w, https:\/\/www.kiplingirapuato.edu.mx\/next\/wp-content\/uploads\/2025\/08\/Preescolar-25-26-186x240.jpg 186w, https:\/\/www.kiplingirapuato.edu.mx\/next\/wp-content\/uploads\/2025\/08\/Preescolar-25-26-82x105.jpg 82w, https:\/\/www.kiplingirapuato.edu.mx\/next\/wp-content\/uploads\/2025\/08\/Preescolar-25-26-scaled.jpg 1987w\" sizes=\"auto, (max-width: 799px) 100vw, 799px\" \/><\/a><\/div><\/div><\/div><\/div>\n","protected":false},"excerpt":{"rendered":"","protected":false},"author":4,"featured_media":0,"parent":0,"menu_order":0,"comment_status":"closed","ping_status":"closed","template":"","meta":{"_rtcl_gb_attr":"","footnotes":""},"class_list":["post-331","page","type-page","status-publish","hentry"],"yoast_head":"<!-- This site is optimized with the Yoast SEO plugin v27.0 - https:\/\/yoast.com\/product\/yoast-seo-wordpress\/ -->\n<title>Preescolar - Kipling Campus Irapuato<\/title>\n<meta name=\"robots\" content=\"index, follow, max-snippet:-1, max-image-preview:large, max-video-preview:-1\" \/>\n<link rel=\"canonical\" href=\"https:\/\/www.kiplingirapuato.edu.mx\/next\/kinder\/\" \/>\n<meta property=\"og:locale\" content=\"es_ES\" \/>\n<meta property=\"og:type\" content=\"article\" \/>\n<meta property=\"og:title\" content=\"Preescolar - Kipling Campus Irapuato\" \/>\n<meta property=\"og:url\" content=\"https:\/\/www.kiplingirapuato.edu.mx\/next\/kinder\/\" \/>\n<meta property=\"og:site_name\" content=\"Kipling Campus Irapuato\" \/>\n<meta property=\"article:modified_time\" content=\"2025-09-01T16:15:49+00:00\" \/>\n<meta property=\"og:image\" content=\"https:\/\/www.kiplingirapuato.edu.mx\/next\/wp-content\/uploads\/2025\/01\/Kinder-redes.png\" \/>\n\t<meta property=\"og:image:width\" content=\"1500\" \/>\n\t<meta property=\"og:image:height\" content=\"935\" \/>\n\t<meta property=\"og:image:type\" content=\"image\/png\" \/>\n<meta name=\"twitter:card\" content=\"summary_large_image\" \/>\n<meta name=\"twitter:label1\" content=\"Tiempo de lectura\" \/>\n\t<meta name=\"twitter:data1\" content=\"2 minutos\" \/>\n<script type=\"application\/ld+json\" class=\"yoast-schema-graph\">{\"@context\":\"https:\/\/schema.org\",\"@graph\":[{\"@type\":\"WebPage\",\"@id\":\"https:\/\/www.kiplingirapuato.edu.mx\/next\/kinder\/\",\"url\":\"https:\/\/www.kiplingirapuato.edu.mx\/next\/kinder\/\",\"name\":\"Preescolar - Kipling Campus Irapuato\",\"isPartOf\":{\"@id\":\"https:\/\/www.kiplingirapuato.edu.mx\/next\/#website\"},\"datePublished\":\"2020-07-28T02:44:11+00:00\",\"dateModified\":\"2025-09-01T16:15:49+00:00\",\"breadcrumb\":{\"@id\":\"https:\/\/www.kiplingirapuato.edu.mx\/next\/kinder\/#breadcrumb\"},\"inLanguage\":\"es\",\"potentialAction\":[{\"@type\":\"ReadAction\",\"target\":[\"https:\/\/www.kiplingirapuato.edu.mx\/next\/kinder\/\"]}]},{\"@type\":\"BreadcrumbList\",\"@id\":\"https:\/\/www.kiplingirapuato.edu.mx\/next\/kinder\/#breadcrumb\",\"itemListElement\":[{\"@type\":\"ListItem\",\"position\":1,\"name\":\"Portada\",\"item\":\"https:\/\/www.kiplingirapuato.edu.mx\/next\/\"},{\"@type\":\"ListItem\",\"position\":2,\"name\":\"Preescolar\"}]},{\"@type\":\"WebSite\",\"@id\":\"https:\/\/www.kiplingirapuato.edu.mx\/next\/#website\",\"url\":\"https:\/\/www.kiplingirapuato.edu.mx\/next\/\",\"name\":\"Kipling Campus Irapuato\",\"description\":\"Trascendemos en familia\",\"potentialAction\":[{\"@type\":\"SearchAction\",\"target\":{\"@type\":\"EntryPoint\",\"urlTemplate\":\"https:\/\/www.kiplingirapuato.edu.mx\/next\/?s={search_term_string}\"},\"query-input\":{\"@type\":\"PropertyValueSpecification\",\"valueRequired\":true,\"valueName\":\"search_term_string\"}}],\"inLanguage\":\"es\"}]}<\/script>\n<!-- \/ Yoast SEO plugin. -->","yoast_head_json":{"title":"Preescolar - Kipling Campus Irapuato","robots":{"index":"index","follow":"follow","max-snippet":"max-snippet:-1","max-image-preview":"max-image-preview:large","max-video-preview":"max-video-preview:-1"},"canonical":"https:\/\/www.kiplingirapuato.edu.mx\/next\/kinder\/","og_locale":"es_ES","og_type":"article","og_title":"Preescolar - Kipling Campus Irapuato","og_url":"https:\/\/www.kiplingirapuato.edu.mx\/next\/kinder\/","og_site_name":"Kipling Campus Irapuato","article_modified_time":"2025-09-01T16:15:49+00:00","og_image":[{"width":1500,"height":935,"url":"https:\/\/www.kiplingirapuato.edu.mx\/next\/wp-content\/uploads\/2025\/01\/Kinder-redes.png","type":"image\/png"}],"twitter_card":"summary_large_image","twitter_misc":{"Tiempo de lectura":"2 minutos"},"schema":{"@context":"https:\/\/schema.org","@graph":[{"@type":"WebPage","@id":"https:\/\/www.kiplingirapuato.edu.mx\/next\/kinder\/","url":"https:\/\/www.kiplingirapuato.edu.mx\/next\/kinder\/","name":"Preescolar - Kipling Campus Irapuato","isPartOf":{"@id":"https:\/\/www.kiplingirapuato.edu.mx\/next\/#website"},"datePublished":"2020-07-28T02:44:11+00:00","dateModified":"2025-09-01T16:15:49+00:00","breadcrumb":{"@id":"https:\/\/www.kiplingirapuato.edu.mx\/next\/kinder\/#breadcrumb"},"inLanguage":"es","potentialAction":[{"@type":"ReadAction","target":["https:\/\/www.kiplingirapuato.edu.mx\/next\/kinder\/"]}]},{"@type":"BreadcrumbList","@id":"https:\/\/www.kiplingirapuato.edu.mx\/next\/kinder\/#breadcrumb","itemListElement":[{"@type":"ListItem","position":1,"name":"Portada","item":"https:\/\/www.kiplingirapuato.edu.mx\/next\/"},{"@type":"ListItem","position":2,"name":"Preescolar"}]},{"@type":"WebSite","@id":"https:\/\/www.kiplingirapuato.edu.mx\/next\/#website","url":"https:\/\/www.kiplingirapuato.edu.mx\/next\/","name":"Kipling Campus Irapuato","description":"Trascendemos en familia","potentialAction":[{"@type":"SearchAction","target":{"@type":"EntryPoint","urlTemplate":"https:\/\/www.kiplingirapuato.edu.mx\/next\/?s={search_term_string}"},"query-input":{"@type":"PropertyValueSpecification","valueRequired":true,"valueName":"search_term_string"}}],"inLanguage":"es"}]}},"_links":{"self":[{"href":"https:\/\/www.kiplingirapuato.edu.mx\/next\/wp-json\/wp\/v2\/pages\/331","targetHints":{"allow":["GET"]}}],"collection":[{"href":"https:\/\/www.kiplingirapuato.edu.mx\/next\/wp-json\/wp\/v2\/pages"}],"about":[{"href":"https:\/\/www.kiplingirapuato.edu.mx\/next\/wp-json\/wp\/v2\/types\/page"}],"author":[{"embeddable":true,"href":"https:\/\/www.kiplingirapuato.edu.mx\/next\/wp-json\/wp\/v2\/users\/4"}],"replies":[{"embeddable":true,"href":"https:\/\/www.kiplingirapuato.edu.mx\/next\/wp-json\/wp\/v2\/comments?post=331"}],"version-history":[{"count":10,"href":"https:\/\/www.kiplingirapuato.edu.mx\/next\/wp-json\/wp\/v2\/pages\/331\/revisions"}],"predecessor-version":[{"id":1388,"href":"https:\/\/www.kiplingirapuato.edu.mx\/next\/wp-json\/wp\/v2\/pages\/331\/revisions\/1388"}],"wp:attachment":[{"href":"https:\/\/www.kiplingirapuato.edu.mx\/next\/wp-json\/wp\/v2\/media?parent=331"}],"curies":[{"name":"wp","href":"https:\/\/api.w.org\/{rel}","templated":true}]}}