{"id":278,"date":"2020-07-27T20:18:28","date_gmt":"2020-07-27T20:18:28","guid":{"rendered":"https:\/\/www.kiplingirapuato.edu.mx\/next\/?page_id=278"},"modified":"2023-01-25T13:42:30","modified_gmt":"2023-01-25T19:42:30","slug":"nosotros","status":"publish","type":"page","link":"https:\/\/www.kiplingirapuato.edu.mx\/next\/nosotros\/","title":{"rendered":"Nosotros"},"content":{"rendered":"<div class=\"flex_column av_one_full  flex_column_div av-zero-column-padding first  avia-builder-el-0  el_before_av_hr  avia-builder-el-first  \" style='border-radius:0px; '><div  style='padding-bottom:10px; font-size:41px;' class='av-special-heading av-special-heading-h1  blockquote modern-quote modern-centered  avia-builder-el-1  avia-builder-el-no-sibling  av-inherit-size '><h1 class='av-special-heading-tag '  itemprop=\"headline\"  >Nuestra Misi\u00f3n<\/h1><div class ='av-subheading av-subheading_below  ' style='font-size:22px;'><p>Formar ni\u00f1os y j\u00f3venes con un alto nivel acad\u00e9mico y un sentido de responsabilidad por lo que han recibido, de manera que, haciendo suyos los valores y principios cristianos de la Iglesia Cat\u00f3lica, se conviertan en agentes positivos de cambio, siempre fieles a la verdad y comprometidos en crear una sociedad cada vez m\u00e1s responsable, m\u00e1s justa y m\u00e1s culta.<\/p>\n<\/div><div class='special-heading-border'><div class='special-heading-inner-border' ><\/div><\/div><\/div><\/div><div   class='hr hr-default   avia-builder-el-2  el_after_av_one_full  el_before_av_two_third '><span class='hr-inner ' ><span class='hr-inner-style'><\/span><\/span><\/div><\/p>\n<div class=\"flex_column av_two_third  flex_column_div av-zero-column-padding first  avia-builder-el-3  el_after_av_hr  el_before_av_one_third  \" style='border-radius:0px; '><section class=\"av_textblock_section \"  itemscope=\"itemscope\" itemtype=\"https:\/\/schema.org\/CreativeWork\" ><div class='avia_textblock  '   itemprop=\"text\" ><h3>Nuestra acci\u00f3n educativa pretende que los alumnos logren una preparaci\u00f3n integral obteniendo un alto grado acad\u00e9mico, apreciaci\u00f3n por las artes, gusto por las diferentes disciplinas deportivas y una formaci\u00f3n humana que los haga participes como agentes positivos de cambio en una sociedad demandante y competitiva.<\/h3>\n<p>A trav\u00e9s de un proceso constructivista, los alumnos llegar\u00e1n a poseer aprendizajes significativos, utilizando estrategias de investigaci\u00f3n, de comunicaci\u00f3n, de trabajo en equipo, viviendo valores universales como la integridad y el respeto, comprometidos con la comunidad escolar, el pa\u00eds y el mundo.<\/p>\n<p>Esta acci\u00f3n educativa la desarrollamos en kinder, primaria y secundaria en Ingl\u00e9s y Espa\u00f1ol por lo que ofrecemos una educaci\u00f3n 100% biling\u00fce. En preparatoria adem\u00e1s de ofrecer asignaturas en ingl\u00e9s, complementamos el \u00e1rea de idiomas con el Franc\u00e9s.<\/p>\n<\/div><\/section><\/div>\n<div class=\"flex_column av_one_third  flex_column_div av-zero-column-padding   avia-builder-el-5  el_after_av_two_third  el_before_av_one_full  \" style='border-radius:0px; '><div  class='avia-image-container  av-styling-    avia-builder-el-6  avia-builder-el-no-sibling  avia-align-center '  itemprop=\"image\" itemscope=\"itemscope\" itemtype=\"https:\/\/schema.org\/ImageObject\"  ><div class='avia-image-container-inner'><div class='avia-image-overlay-wrap'><img loading=\"lazy\" decoding=\"async\" class='wp-image-535 avia_image' src=\"https:\/\/www.kiplingirapuato.edu.mx\/next\/wp-content\/uploads\/2020\/09\/FachadaKiplingbaja.png\" alt='' title='FachadaKiplingbaja' height=\"667\" width=\"1000\"  itemprop=\"thumbnailUrl\" srcset=\"https:\/\/www.kiplingirapuato.edu.mx\/next\/wp-content\/uploads\/2020\/09\/FachadaKiplingbaja.png 1000w, https:\/\/www.kiplingirapuato.edu.mx\/next\/wp-content\/uploads\/2020\/09\/FachadaKiplingbaja-300x200.png 300w, https:\/\/www.kiplingirapuato.edu.mx\/next\/wp-content\/uploads\/2020\/09\/FachadaKiplingbaja-768x512.png 768w, https:\/\/www.kiplingirapuato.edu.mx\/next\/wp-content\/uploads\/2020\/09\/FachadaKiplingbaja-705x470.png 705w\" sizes=\"auto, (max-width: 1000px) 100vw, 1000px\" \/><\/div><\/div><\/div><\/div>\n<div class=\"flex_column av_one_full  flex_column_div av-zero-column-padding first  avia-builder-el-7  el_after_av_one_third  avia-builder-el-last  column-top-margin\" style='border-radius:0px; '><div  class='avia-image-container  av-styling-    avia-builder-el-8  avia-builder-el-no-sibling  avia-align-center '  itemprop=\"image\" itemscope=\"itemscope\" itemtype=\"https:\/\/schema.org\/ImageObject\"  ><div class='avia-image-container-inner'><div class='avia-image-overlay-wrap'><img loading=\"lazy\" decoding=\"async\" class='wp-image-537 avia_image' src=\"https:\/\/www.kiplingirapuato.edu.mx\/next\/wp-content\/uploads\/2020\/09\/Ideario-a-Colores.png\" alt='' title='Ideario-a-Colores' height=\"2326\" width=\"3401\"  itemprop=\"thumbnailUrl\" srcset=\"https:\/\/www.kiplingirapuato.edu.mx\/next\/wp-content\/uploads\/2020\/09\/Ideario-a-Colores.png 3401w, https:\/\/www.kiplingirapuato.edu.mx\/next\/wp-content\/uploads\/2020\/09\/Ideario-a-Colores-300x205.png 300w, https:\/\/www.kiplingirapuato.edu.mx\/next\/wp-content\/uploads\/2020\/09\/Ideario-a-Colores-1030x704.png 1030w, https:\/\/www.kiplingirapuato.edu.mx\/next\/wp-content\/uploads\/2020\/09\/Ideario-a-Colores-768x525.png 768w, https:\/\/www.kiplingirapuato.edu.mx\/next\/wp-content\/uploads\/2020\/09\/Ideario-a-Colores-1536x1050.png 1536w, https:\/\/www.kiplingirapuato.edu.mx\/next\/wp-content\/uploads\/2020\/09\/Ideario-a-Colores-2048x1401.png 2048w, https:\/\/www.kiplingirapuato.edu.mx\/next\/wp-content\/uploads\/2020\/09\/Ideario-a-Colores-1500x1026.png 1500w, https:\/\/www.kiplingirapuato.edu.mx\/next\/wp-content\/uploads\/2020\/09\/Ideario-a-Colores-705x482.png 705w\" sizes=\"auto, (max-width: 3401px) 100vw, 3401px\" \/><\/div><\/div><\/div><\/div>\n","protected":false},"excerpt":{"rendered":"","protected":false},"author":4,"featured_media":0,"parent":0,"menu_order":0,"comment_status":"closed","ping_status":"closed","template":"","meta":{"_rtcl_gb_attr":"","footnotes":""},"class_list":["post-278","page","type-page","status-publish","hentry"],"yoast_head":"<!-- This site is optimized with the Yoast SEO plugin v27.0 - https:\/\/yoast.com\/product\/yoast-seo-wordpress\/ -->\n<title>Nosotros - Kipling Campus Irapuato<\/title>\n<meta name=\"robots\" content=\"index, follow, max-snippet:-1, max-image-preview:large, max-video-preview:-1\" \/>\n<link rel=\"canonical\" href=\"https:\/\/www.kiplingirapuato.edu.mx\/next\/nosotros\/\" \/>\n<meta property=\"og:locale\" content=\"es_ES\" \/>\n<meta property=\"og:type\" content=\"article\" \/>\n<meta property=\"og:title\" content=\"Nosotros - Kipling Campus Irapuato\" \/>\n<meta property=\"og:url\" content=\"https:\/\/www.kiplingirapuato.edu.mx\/next\/nosotros\/\" \/>\n<meta property=\"og:site_name\" content=\"Kipling Campus Irapuato\" \/>\n<meta property=\"article:modified_time\" content=\"2023-01-25T19:42:30+00:00\" \/>\n<meta name=\"twitter:card\" content=\"summary_large_image\" \/>\n<meta name=\"twitter:label1\" content=\"Tiempo de lectura\" \/>\n\t<meta name=\"twitter:data1\" content=\"3 minutos\" \/>\n<script type=\"application\/ld+json\" class=\"yoast-schema-graph\">{\"@context\":\"https:\/\/schema.org\",\"@graph\":[{\"@type\":\"WebPage\",\"@id\":\"https:\/\/www.kiplingirapuato.edu.mx\/next\/nosotros\/\",\"url\":\"https:\/\/www.kiplingirapuato.edu.mx\/next\/nosotros\/\",\"name\":\"Nosotros - Kipling Campus Irapuato\",\"isPartOf\":{\"@id\":\"https:\/\/www.kiplingirapuato.edu.mx\/next\/#website\"},\"datePublished\":\"2020-07-27T20:18:28+00:00\",\"dateModified\":\"2023-01-25T19:42:30+00:00\",\"breadcrumb\":{\"@id\":\"https:\/\/www.kiplingirapuato.edu.mx\/next\/nosotros\/#breadcrumb\"},\"inLanguage\":\"es\",\"potentialAction\":[{\"@type\":\"ReadAction\",\"target\":[\"https:\/\/www.kiplingirapuato.edu.mx\/next\/nosotros\/\"]}]},{\"@type\":\"BreadcrumbList\",\"@id\":\"https:\/\/www.kiplingirapuato.edu.mx\/next\/nosotros\/#breadcrumb\",\"itemListElement\":[{\"@type\":\"ListItem\",\"position\":1,\"name\":\"Portada\",\"item\":\"https:\/\/www.kiplingirapuato.edu.mx\/next\/\"},{\"@type\":\"ListItem\",\"position\":2,\"name\":\"Nosotros\"}]},{\"@type\":\"WebSite\",\"@id\":\"https:\/\/www.kiplingirapuato.edu.mx\/next\/#website\",\"url\":\"https:\/\/www.kiplingirapuato.edu.mx\/next\/\",\"name\":\"Kipling Campus Irapuato\",\"description\":\"Trascendemos en familia\",\"potentialAction\":[{\"@type\":\"SearchAction\",\"target\":{\"@type\":\"EntryPoint\",\"urlTemplate\":\"https:\/\/www.kiplingirapuato.edu.mx\/next\/?s={search_term_string}\"},\"query-input\":{\"@type\":\"PropertyValueSpecification\",\"valueRequired\":true,\"valueName\":\"search_term_string\"}}],\"inLanguage\":\"es\"}]}<\/script>\n<!-- \/ Yoast SEO plugin. -->","yoast_head_json":{"title":"Nosotros - Kipling Campus Irapuato","robots":{"index":"index","follow":"follow","max-snippet":"max-snippet:-1","max-image-preview":"max-image-preview:large","max-video-preview":"max-video-preview:-1"},"canonical":"https:\/\/www.kiplingirapuato.edu.mx\/next\/nosotros\/","og_locale":"es_ES","og_type":"article","og_title":"Nosotros - Kipling Campus Irapuato","og_url":"https:\/\/www.kiplingirapuato.edu.mx\/next\/nosotros\/","og_site_name":"Kipling Campus Irapuato","article_modified_time":"2023-01-25T19:42:30+00:00","twitter_card":"summary_large_image","twitter_misc":{"Tiempo de lectura":"3 minutos"},"schema":{"@context":"https:\/\/schema.org","@graph":[{"@type":"WebPage","@id":"https:\/\/www.kiplingirapuato.edu.mx\/next\/nosotros\/","url":"https:\/\/www.kiplingirapuato.edu.mx\/next\/nosotros\/","name":"Nosotros - Kipling Campus Irapuato","isPartOf":{"@id":"https:\/\/www.kiplingirapuato.edu.mx\/next\/#website"},"datePublished":"2020-07-27T20:18:28+00:00","dateModified":"2023-01-25T19:42:30+00:00","breadcrumb":{"@id":"https:\/\/www.kiplingirapuato.edu.mx\/next\/nosotros\/#breadcrumb"},"inLanguage":"es","potentialAction":[{"@type":"ReadAction","target":["https:\/\/www.kiplingirapuato.edu.mx\/next\/nosotros\/"]}]},{"@type":"BreadcrumbList","@id":"https:\/\/www.kiplingirapuato.edu.mx\/next\/nosotros\/#breadcrumb","itemListElement":[{"@type":"ListItem","position":1,"name":"Portada","item":"https:\/\/www.kiplingirapuato.edu.mx\/next\/"},{"@type":"ListItem","position":2,"name":"Nosotros"}]},{"@type":"WebSite","@id":"https:\/\/www.kiplingirapuato.edu.mx\/next\/#website","url":"https:\/\/www.kiplingirapuato.edu.mx\/next\/","name":"Kipling Campus Irapuato","description":"Trascendemos en familia","potentialAction":[{"@type":"SearchAction","target":{"@type":"EntryPoint","urlTemplate":"https:\/\/www.kiplingirapuato.edu.mx\/next\/?s={search_term_string}"},"query-input":{"@type":"PropertyValueSpecification","valueRequired":true,"valueName":"search_term_string"}}],"inLanguage":"es"}]}},"_links":{"self":[{"href":"https:\/\/www.kiplingirapuato.edu.mx\/next\/wp-json\/wp\/v2\/pages\/278","targetHints":{"allow":["GET"]}}],"collection":[{"href":"https:\/\/www.kiplingirapuato.edu.mx\/next\/wp-json\/wp\/v2\/pages"}],"about":[{"href":"https:\/\/www.kiplingirapuato.edu.mx\/next\/wp-json\/wp\/v2\/types\/page"}],"author":[{"embeddable":true,"href":"https:\/\/www.kiplingirapuato.edu.mx\/next\/wp-json\/wp\/v2\/users\/4"}],"replies":[{"embeddable":true,"href":"https:\/\/www.kiplingirapuato.edu.mx\/next\/wp-json\/wp\/v2\/comments?post=278"}],"version-history":[{"count":8,"href":"https:\/\/www.kiplingirapuato.edu.mx\/next\/wp-json\/wp\/v2\/pages\/278\/revisions"}],"predecessor-version":[{"id":1107,"href":"https:\/\/www.kiplingirapuato.edu.mx\/next\/wp-json\/wp\/v2\/pages\/278\/revisions\/1107"}],"wp:attachment":[{"href":"https:\/\/www.kiplingirapuato.edu.mx\/next\/wp-json\/wp\/v2\/media?parent=278"}],"curies":[{"name":"wp","href":"https:\/\/api.w.org\/{rel}","templated":true}]}}