{"id":142,"date":"2015-10-22T15:32:34","date_gmt":"2015-10-22T15:32:34","guid":{"rendered":"http:\/\/test.kriesi.at\/construction\/?page_id=142"},"modified":"2025-09-04T09:01:50","modified_gmt":"2025-09-04T15:01:50","slug":"nueva-imagen","status":"publish","type":"page","link":"https:\/\/www.kiplingirapuato.edu.mx\/next\/nosotros\/nueva-imagen\/","title":{"rendered":"Nueva Imagen"},"content":{"rendered":"<div  class='avia-image-container  av-styling-    avia-builder-el-0  el_before_av_hr  avia-builder-el-first  avia-align-center '  itemprop=\"image\" itemscope=\"itemscope\" itemtype=\"https:\/\/schema.org\/ImageObject\"  ><div class='avia-image-container-inner'><div class='avia-image-overlay-wrap'><img loading=\"lazy\" decoding=\"async\" class='wp-image-470 avia_image' src=\"https:\/\/www.kiplingirapuato.edu.mx\/next\/wp-content\/uploads\/2020\/08\/imagen-de-perfil-facebook.jpg\" alt='' title='imagen de perfil facebook' height=\"363\" width=\"960\"  itemprop=\"thumbnailUrl\" srcset=\"https:\/\/www.kiplingirapuato.edu.mx\/next\/wp-content\/uploads\/2020\/08\/imagen-de-perfil-facebook.jpg 960w, https:\/\/www.kiplingirapuato.edu.mx\/next\/wp-content\/uploads\/2020\/08\/imagen-de-perfil-facebook-300x113.jpg 300w, https:\/\/www.kiplingirapuato.edu.mx\/next\/wp-content\/uploads\/2020\/08\/imagen-de-perfil-facebook-768x290.jpg 768w, https:\/\/www.kiplingirapuato.edu.mx\/next\/wp-content\/uploads\/2020\/08\/imagen-de-perfil-facebook-705x267.jpg 705w, https:\/\/www.kiplingirapuato.edu.mx\/next\/wp-content\/uploads\/2020\/08\/imagen-de-perfil-facebook-845x321.jpg 845w\" sizes=\"auto, (max-width: 960px) 100vw, 960px\" \/><\/div><\/div><\/div>\n<div   class='hr hr-default   avia-builder-el-1  el_after_av_image  el_before_av_one_full '><span class='hr-inner ' ><span class='hr-inner-style'><\/span><\/span><\/div>\n<div class=\"flex_column av_one_full  av-animated-generic bottom-to-top  flex_column_div av-zero-column-padding first  avia-builder-el-2  el_after_av_hr  el_before_av_two_fifth  \" style='margin-top:0px; margin-bottom:0px; border-radius:0px; '><p><div  style='padding-bottom:0px; ' class='av-special-heading av-special-heading-h2  blockquote modern-quote  avia-builder-el-3  el_before_av_hr  avia-builder-el-first  '><h2 class='av-special-heading-tag '  itemprop=\"headline\"  >Identidad e Imagen Kipling<\/h2><div class='special-heading-border'><div class='special-heading-inner-border' ><\/div><\/div><\/div><br \/>\n<div  style=' margin-top:10px; margin-bottom:10px;'  class='hr hr-custom hr-left hr-icon-no   avia-builder-el-4  el_after_av_heading  avia-builder-el-last '><span class='hr-inner  inner-border-av-border-fat' style=' width:50px; border-color:#efbb20;' ><span class='hr-inner-style'><\/span><\/span><\/div><\/p><\/div><div class=\"flex_column av_two_fifth  av-animated-generic bottom-to-top  flex_column_div av-zero-column-padding first  avia-builder-el-5  el_after_av_one_full  el_before_av_three_fifth  column-top-margin\" style='margin-top:0px; margin-bottom:0px; border-radius:0px; '><div  class='avia-image-container  av-styling-    avia-builder-el-6  avia-builder-el-no-sibling  avia-align-center '  itemprop=\"image\" itemscope=\"itemscope\" itemtype=\"https:\/\/schema.org\/ImageObject\"  ><div class='avia-image-container-inner'><div class='avia-image-overlay-wrap'><img loading=\"lazy\" decoding=\"async\" class='wp-image-467 avia_image' src=\"https:\/\/www.kiplingirapuato.edu.mx\/next\/wp-content\/uploads\/2020\/08\/imagen-de-perfil-facebook-chiquita-300x289.jpg\" alt='' title='imagen de perfil facebook chiquita' height=\"289\" width=\"300\"  itemprop=\"thumbnailUrl\" srcset=\"https:\/\/www.kiplingirapuato.edu.mx\/next\/wp-content\/uploads\/2020\/08\/imagen-de-perfil-facebook-chiquita-300x289.jpg 300w, https:\/\/www.kiplingirapuato.edu.mx\/next\/wp-content\/uploads\/2020\/08\/imagen-de-perfil-facebook-chiquita-36x36.jpg 36w, https:\/\/www.kiplingirapuato.edu.mx\/next\/wp-content\/uploads\/2020\/08\/imagen-de-perfil-facebook-chiquita.jpg 576w\" sizes=\"auto, (max-width: 300px) 100vw, 300px\" \/><\/div><\/div><\/div><\/div><\/p>\n<div class=\"flex_column av_three_fifth  av-animated-generic bottom-to-top  flex_column_div av-zero-column-padding   avia-builder-el-7  el_after_av_two_fifth  el_before_av_one_full  column-top-margin\" style='margin-top:0px; margin-bottom:0px; border-radius:0px; '><section class=\"av_textblock_section \"  itemscope=\"itemscope\" itemtype=\"https:\/\/schema.org\/CreativeWork\" ><div class='avia_textblock  '  style='font-size:18px; '  itemprop=\"text\" ><p><strong>Kipling Campus Irapuato<\/strong> ha trabajado para presentar una imagen renovada, respondiendo con fuerza a los retos y desaf\u00edos actuales de las nuevas generaciones.<\/p>\n<p>Nuestro sentido de pertenencia e imagen, responde a un minucioso proceso de reflexi\u00f3n, que nos permite avanzar en un camino de evoluci\u00f3n e innovaci\u00f3n.<\/p>\n<h4><\/h4>\n<\/div><\/section><\/div><div class=\"flex_column av_one_full  av-animated-generic bottom-to-top  flex_column_div first  avia-builder-el-9  el_after_av_three_fifth  el_before_av_three_fifth  \" style='border-width:1px; border-color:#e1e1e1; border-style:solid; padding:20px; background-color:#fcfcfc; border-radius:0px; '><section class=\"av_textblock_section \"  itemscope=\"itemscope\" itemtype=\"https:\/\/schema.org\/CreativeWork\" ><div class='avia_textblock  '   itemprop=\"text\" ><blockquote>\n<p>Y as\u00ed, siendo fieles a nuestras ra\u00edces e identidad, nos mantenemos siempre a la vanguardia, garantizando nuestra excelencia acad\u00e9mica, la formaci\u00f3n en valores, la educaci\u00f3n integral y nuestro sentido de familia.<\/p>\n<p>Todo esto es vital para seguir cumpliendo con los est\u00e1ndares de calidad internacionales con los que estamos comprometidos y para poder hacer realidad nuestro prop\u00f3sito de construir una mejor sociedad inspirando a nuestros ni\u00f1os y j\u00f3venes a cambiar el mundo.<\/p>\n<\/blockquote>\n<\/div><\/section><\/div><div class=\"flex_column av_three_fifth  av-animated-generic bottom-to-top  flex_column_div av-zero-column-padding first  avia-builder-el-11  el_after_av_one_full  el_before_av_two_fifth  column-top-margin\" style='border-radius:0px; '><p><div  style='padding-bottom:10px; ' class='av-special-heading av-special-heading-h3    avia-builder-el-12  el_before_av_hr  avia-builder-el-first  '><h3 class='av-special-heading-tag '  itemprop=\"headline\"  >Nuestra imagen<\/h3><div class='special-heading-border'><div class='special-heading-inner-border' ><\/div><\/div><\/div><br \/>\n<div  style=' margin-top:10px; margin-bottom:10px;'  class='hr hr-custom hr-left hr-icon-no   avia-builder-el-13  el_after_av_heading  el_before_av_textblock '><span class='hr-inner  inner-border-av-border-fat' style=' width:50px; border-color:#efbb20;' ><span class='hr-inner-style'><\/span><\/span><\/div><br \/>\n<section class=\"av_textblock_section \"  itemscope=\"itemscope\" itemtype=\"https:\/\/schema.org\/CreativeWork\" ><div class='avia_textblock  '   itemprop=\"text\" ><h2>1.Origami:<\/h2>\n<p>El origami representa un transformaci\u00f3n de un mismo elemento en algo nuevo, diferente, pero que conserva sus caracter\u00edsticas principales. As\u00ed en esta nueva etapa de Kipling, nos transformamos, pero continuamos fieles a nuestros valores, a nuestra esencia, a nuestra misi\u00f3n: nuestros ni\u00f1os y j\u00f3venes.<\/p>\n<h2>2.Tanagrama:<\/h2>\n<p>El tanagrama representa la creatividad y las posibilidades infinitas de creaci\u00f3n y organizaci\u00f3n. Pero el sentido m\u00e1s importante para Kipling, es c\u00f3mo cada una de las piezas son clave para lograr armar un todo.<\/p>\n<\/div><\/section><\/p><\/div><div class=\"flex_column av_two_fifth  av-animated-generic bottom-to-top  flex_column_div av-zero-column-padding   avia-builder-el-15  el_after_av_three_fifth  avia-builder-el-last  column-top-margin\" style='border-radius:0px; '><div  class='avia-image-container  av-styling-no-styling    avia-builder-el-16  avia-builder-el-no-sibling  avia-align-center '  itemprop=\"image\" itemscope=\"itemscope\" itemtype=\"https:\/\/schema.org\/ImageObject\"  ><div class='avia-image-container-inner'><div class='avia-image-overlay-wrap'><img loading=\"lazy\" decoding=\"async\" class='wp-image-1408 avia_image' src=\"https:\/\/www.kiplingirapuato.edu.mx\/next\/wp-content\/uploads\/2025\/09\/imagen-kipling-300x190.jpg\" alt='' title='imagen kipling' height=\"190\" width=\"300\"  itemprop=\"thumbnailUrl\" srcset=\"https:\/\/www.kiplingirapuato.edu.mx\/next\/wp-content\/uploads\/2025\/09\/imagen-kipling-300x190.jpg 300w, https:\/\/www.kiplingirapuato.edu.mx\/next\/wp-content\/uploads\/2025\/09\/imagen-kipling-1030x652.jpg 1030w, https:\/\/www.kiplingirapuato.edu.mx\/next\/wp-content\/uploads\/2025\/09\/imagen-kipling-768x486.jpg 768w, https:\/\/www.kiplingirapuato.edu.mx\/next\/wp-content\/uploads\/2025\/09\/imagen-kipling-705x446.jpg 705w, https:\/\/www.kiplingirapuato.edu.mx\/next\/wp-content\/uploads\/2025\/09\/imagen-kipling-730x462.jpg 730w, https:\/\/www.kiplingirapuato.edu.mx\/next\/wp-content\/uploads\/2025\/09\/imagen-kipling-320x203.jpg 320w, https:\/\/www.kiplingirapuato.edu.mx\/next\/wp-content\/uploads\/2025\/09\/imagen-kipling-150x95.jpg 150w, https:\/\/www.kiplingirapuato.edu.mx\/next\/wp-content\/uploads\/2025\/09\/imagen-kipling.jpg 1213w\" sizes=\"auto, (max-width: 300px) 100vw, 300px\" \/><\/div><\/div><\/div><\/div><\/p>\n","protected":false},"excerpt":{"rendered":"","protected":false},"author":4,"featured_media":0,"parent":278,"menu_order":0,"comment_status":"closed","ping_status":"closed","template":"","meta":{"_rtcl_gb_attr":"","footnotes":""},"class_list":["post-142","page","type-page","status-publish","hentry"],"yoast_head":"<!-- This site is optimized with the Yoast SEO plugin v27.0 - https:\/\/yoast.com\/product\/yoast-seo-wordpress\/ -->\n<title>Nueva Imagen - Kipling Campus Irapuato<\/title>\n<meta name=\"robots\" content=\"index, follow, max-snippet:-1, max-image-preview:large, max-video-preview:-1\" \/>\n<link rel=\"canonical\" href=\"https:\/\/www.kiplingirapuato.edu.mx\/next\/nosotros\/nueva-imagen\/\" \/>\n<meta property=\"og:locale\" content=\"es_ES\" \/>\n<meta property=\"og:type\" content=\"article\" \/>\n<meta property=\"og:title\" content=\"Un nuevo cap\u00edtulo en la historia de Kipling\" \/>\n<meta property=\"og:description\" content=\"Te invitamos a conocer un poco m\u00e1s de nuestra imagen y nuestra identidad.\" \/>\n<meta property=\"og:url\" content=\"https:\/\/www.kiplingirapuato.edu.mx\/next\/nosotros\/nueva-imagen\/\" \/>\n<meta property=\"og:site_name\" content=\"Kipling Campus Irapuato\" \/>\n<meta property=\"article:modified_time\" content=\"2025-09-04T15:01:50+00:00\" \/>\n<meta property=\"og:image\" content=\"https:\/\/www.kiplingirapuato.edu.mx\/next\/wp-content\/uploads\/2020\/08\/imagen-kipling.jpg\" \/>\n\t<meta property=\"og:image:width\" content=\"1213\" \/>\n\t<meta property=\"og:image:height\" content=\"768\" \/>\n\t<meta property=\"og:image:type\" content=\"image\/jpeg\" \/>\n<meta name=\"twitter:card\" content=\"summary_large_image\" \/>\n<meta name=\"twitter:image\" content=\"https:\/\/www.kiplingirapuato.edu.mx\/next\/wp-content\/uploads\/2020\/08\/imagen-kipling.jpg\" \/>\n<meta name=\"twitter:label1\" content=\"Tiempo de lectura\" \/>\n\t<meta name=\"twitter:data1\" content=\"6 minutos\" \/>\n<script type=\"application\/ld+json\" class=\"yoast-schema-graph\">{\"@context\":\"https:\/\/schema.org\",\"@graph\":[{\"@type\":\"WebPage\",\"@id\":\"https:\/\/www.kiplingirapuato.edu.mx\/next\/nosotros\/nueva-imagen\/\",\"url\":\"https:\/\/www.kiplingirapuato.edu.mx\/next\/nosotros\/nueva-imagen\/\",\"name\":\"Nueva Imagen - Kipling Campus Irapuato\",\"isPartOf\":{\"@id\":\"https:\/\/www.kiplingirapuato.edu.mx\/next\/#website\"},\"datePublished\":\"2015-10-22T15:32:34+00:00\",\"dateModified\":\"2025-09-04T15:01:50+00:00\",\"breadcrumb\":{\"@id\":\"https:\/\/www.kiplingirapuato.edu.mx\/next\/nosotros\/nueva-imagen\/#breadcrumb\"},\"inLanguage\":\"es\",\"potentialAction\":[{\"@type\":\"ReadAction\",\"target\":[\"https:\/\/www.kiplingirapuato.edu.mx\/next\/nosotros\/nueva-imagen\/\"]}]},{\"@type\":\"BreadcrumbList\",\"@id\":\"https:\/\/www.kiplingirapuato.edu.mx\/next\/nosotros\/nueva-imagen\/#breadcrumb\",\"itemListElement\":[{\"@type\":\"ListItem\",\"position\":1,\"name\":\"Portada\",\"item\":\"https:\/\/www.kiplingirapuato.edu.mx\/next\/\"},{\"@type\":\"ListItem\",\"position\":2,\"name\":\"Nosotros\",\"item\":\"https:\/\/www.kiplingirapuato.edu.mx\/next\/nosotros\/\"},{\"@type\":\"ListItem\",\"position\":3,\"name\":\"Nueva Imagen\"}]},{\"@type\":\"WebSite\",\"@id\":\"https:\/\/www.kiplingirapuato.edu.mx\/next\/#website\",\"url\":\"https:\/\/www.kiplingirapuato.edu.mx\/next\/\",\"name\":\"Kipling Campus Irapuato\",\"description\":\"Trascendemos en familia\",\"potentialAction\":[{\"@type\":\"SearchAction\",\"target\":{\"@type\":\"EntryPoint\",\"urlTemplate\":\"https:\/\/www.kiplingirapuato.edu.mx\/next\/?s={search_term_string}\"},\"query-input\":{\"@type\":\"PropertyValueSpecification\",\"valueRequired\":true,\"valueName\":\"search_term_string\"}}],\"inLanguage\":\"es\"}]}<\/script>\n<!-- \/ Yoast SEO plugin. -->","yoast_head_json":{"title":"Nueva Imagen - Kipling Campus Irapuato","robots":{"index":"index","follow":"follow","max-snippet":"max-snippet:-1","max-image-preview":"max-image-preview:large","max-video-preview":"max-video-preview:-1"},"canonical":"https:\/\/www.kiplingirapuato.edu.mx\/next\/nosotros\/nueva-imagen\/","og_locale":"es_ES","og_type":"article","og_title":"Un nuevo cap\u00edtulo en la historia de Kipling","og_description":"Te invitamos a conocer un poco m\u00e1s de nuestra imagen y nuestra identidad.","og_url":"https:\/\/www.kiplingirapuato.edu.mx\/next\/nosotros\/nueva-imagen\/","og_site_name":"Kipling Campus Irapuato","article_modified_time":"2025-09-04T15:01:50+00:00","og_image":[{"width":1213,"height":768,"url":"https:\/\/www.kiplingirapuato.edu.mx\/next\/wp-content\/uploads\/2020\/08\/imagen-kipling.jpg","type":"image\/jpeg"}],"twitter_card":"summary_large_image","twitter_image":"https:\/\/www.kiplingirapuato.edu.mx\/next\/wp-content\/uploads\/2020\/08\/imagen-kipling.jpg","twitter_misc":{"Tiempo de lectura":"6 minutos"},"schema":{"@context":"https:\/\/schema.org","@graph":[{"@type":"WebPage","@id":"https:\/\/www.kiplingirapuato.edu.mx\/next\/nosotros\/nueva-imagen\/","url":"https:\/\/www.kiplingirapuato.edu.mx\/next\/nosotros\/nueva-imagen\/","name":"Nueva Imagen - Kipling Campus Irapuato","isPartOf":{"@id":"https:\/\/www.kiplingirapuato.edu.mx\/next\/#website"},"datePublished":"2015-10-22T15:32:34+00:00","dateModified":"2025-09-04T15:01:50+00:00","breadcrumb":{"@id":"https:\/\/www.kiplingirapuato.edu.mx\/next\/nosotros\/nueva-imagen\/#breadcrumb"},"inLanguage":"es","potentialAction":[{"@type":"ReadAction","target":["https:\/\/www.kiplingirapuato.edu.mx\/next\/nosotros\/nueva-imagen\/"]}]},{"@type":"BreadcrumbList","@id":"https:\/\/www.kiplingirapuato.edu.mx\/next\/nosotros\/nueva-imagen\/#breadcrumb","itemListElement":[{"@type":"ListItem","position":1,"name":"Portada","item":"https:\/\/www.kiplingirapuato.edu.mx\/next\/"},{"@type":"ListItem","position":2,"name":"Nosotros","item":"https:\/\/www.kiplingirapuato.edu.mx\/next\/nosotros\/"},{"@type":"ListItem","position":3,"name":"Nueva Imagen"}]},{"@type":"WebSite","@id":"https:\/\/www.kiplingirapuato.edu.mx\/next\/#website","url":"https:\/\/www.kiplingirapuato.edu.mx\/next\/","name":"Kipling Campus Irapuato","description":"Trascendemos en familia","potentialAction":[{"@type":"SearchAction","target":{"@type":"EntryPoint","urlTemplate":"https:\/\/www.kiplingirapuato.edu.mx\/next\/?s={search_term_string}"},"query-input":{"@type":"PropertyValueSpecification","valueRequired":true,"valueName":"search_term_string"}}],"inLanguage":"es"}]}},"_links":{"self":[{"href":"https:\/\/www.kiplingirapuato.edu.mx\/next\/wp-json\/wp\/v2\/pages\/142","targetHints":{"allow":["GET"]}}],"collection":[{"href":"https:\/\/www.kiplingirapuato.edu.mx\/next\/wp-json\/wp\/v2\/pages"}],"about":[{"href":"https:\/\/www.kiplingirapuato.edu.mx\/next\/wp-json\/wp\/v2\/types\/page"}],"author":[{"embeddable":true,"href":"https:\/\/www.kiplingirapuato.edu.mx\/next\/wp-json\/wp\/v2\/users\/4"}],"replies":[{"embeddable":true,"href":"https:\/\/www.kiplingirapuato.edu.mx\/next\/wp-json\/wp\/v2\/comments?post=142"}],"version-history":[{"count":12,"href":"https:\/\/www.kiplingirapuato.edu.mx\/next\/wp-json\/wp\/v2\/pages\/142\/revisions"}],"predecessor-version":[{"id":1410,"href":"https:\/\/www.kiplingirapuato.edu.mx\/next\/wp-json\/wp\/v2\/pages\/142\/revisions\/1410"}],"up":[{"embeddable":true,"href":"https:\/\/www.kiplingirapuato.edu.mx\/next\/wp-json\/wp\/v2\/pages\/278"}],"wp:attachment":[{"href":"https:\/\/www.kiplingirapuato.edu.mx\/next\/wp-json\/wp\/v2\/media?parent=142"}],"curies":[{"name":"wp","href":"https:\/\/api.w.org\/{rel}","templated":true}]}}